{"id":9244,"date":"2024-09-01T12:37:35","date_gmt":"2024-09-01T12:37:35","guid":{"rendered":"https:\/\/favretto.it\/news\/"},"modified":"2026-01-26T15:12:19","modified_gmt":"2026-01-26T15:12:19","slug":"news","status":"publish","type":"page","link":"https:\/\/favretto.it\/en\/news\/","title":{"rendered":"News"},"content":{"rendered":"\t\t<div data-elementor-type=\"wp-page\" data-elementor-id=\"9244\" class=\"elementor elementor-9244 elementor-5385\">\n\t\t\t\t<div class=\"elementor-element elementor-element-dbd8fa9 elementor-hidden-tablet elementor-hidden-mobile e-flex e-con-boxed wpr-particle-no wpr-jarallax-no wpr-parallax-no wpr-sticky-section-no e-con e-parent\" data-id=\"dbd8fa9\" data-element_type=\"container\" data-e-type=\"container\">\n\t\t\t\t\t<div class=\"e-con-inner\">\n\t\t\t\t<div class=\"elementor-element elementor-element-4aeb18c elementor-widget elementor-widget-slider_revolution\" data-id=\"4aeb18c\" data-element_type=\"widget\" data-e-type=\"widget\" data-widget_type=\"slider_revolution.default\">\n\t\t\t\t<div class=\"elementor-widget-container\">\n\t\t\t\t\t\n\t\t<div class=\"wp-block-themepunch-revslider\">\n\t\t\t\t<p class=\"rs-p-wp-fix\"><\/p>\n\t\t\t\t<sr7-module data-alias=\"azienda-slider-1\" data-id=\"5\" id=\"SR7_5_1\" class=\"rs-ov-hidden\" data-version=\"6.7.40\">\n\t\t\t\t\t<sr7-adjuster><\/sr7-adjuster>\n\t\t\t\t\t<sr7-content>\n\t\t\t\t\t\t<sr7-slide id=\"SR7_5_1-13\" data-key=\"13\">\n\t\t\t\t\t\t\t<sr7-bg id=\"SR7_5_1-13-1\" class=\"sr7-layer\"><noscript><img decoding=\"async\" src=\"https:\/\/favretto.it\/wp-content\/uploads\/2024\/09\/cover-news.webp\" alt=\"\" title=\"cover-news\"><\/noscript><\/sr7-bg>\n\t\t\t\t\t\t\t<sr7-txt id=\"SR7_5_1-13-0\" class=\"sr7-layer\">News<\/sr7-txt>\n\t\t\t\t\t\t<\/sr7-slide>\n\t\t\t\t\t\t<sr7-slide id=\"SR7_5_1-14\" data-key=\"14\">\n\t\t\t\t\t\t<\/sr7-slide>\n\t\t\t\t\t<\/sr7-content>\n\t\t\t\t\t<image_lists style=\"display:none\">\n\t\t\t\t\t\t<img data-src=\"\/\/favretto.it\/wp-content\/uploads\/2024\/09\/cover-news.webp\" data-libid=\"10184\" data-lib=\"medialibrary\" title=\"cover-news\" width=\"0\" height=\"0\" data-dbsrc=\"Ly9mYXZyZXR0by5pdC93cC1jb250ZW50L3VwbG9hZHMvMjAyNC8wOS9jb3Zlci1uZXdzLndlYnA=\"\/>\n\t\t\t\t\t<\/image_lists>\n\t\t\t\t<\/sr7-module>\n\t\t\t\t<script>\n\t\t\t\t\tSR7.PMH ??={}; SR7.PMH[\"SR7_5_1\"] = {cn:100,state:false,fn: function() { if (_tpt!==undefined && _tpt.prepareModuleHeight !== undefined) {  _tpt.prepareModuleHeight({id:\"SR7_5_1\",el:[400,400,768,960,720],type:'standard',shdw:'0',gh:[400,400,330,251,155],gw:[1240,1240,1024,778,480],vpt:['-100px'],size:{fullWidth:true, fullHeight:false},mh:'0',onh:0,onw:0,bg:{color:'{\"orig\":\"transparent\",\"type\":\"solid\",\"string\":\"transparent\"}'}});   SR7.PMH[\"SR7_5_1\"].state=true;} else if(SR7.PMH[\"SR7_5_1\"].cn-->0)\tsetTimeout( SR7.PMH[\"SR7_5_1\"].fn,19);}};SR7.PMH[\"SR7_5_1\" ].fn();\n\t\t\t\t<\/script>\n<\/div>\n\n\t\t\t\t\t\t<\/div>\n\t\t\t\t<\/div>\n\t\t\t\t\t<\/div>\n\t\t\t\t<\/div>\n\t\t<div class=\"elementor-element elementor-element-fe078d0 elementor-hidden-desktop elementor-hidden-tablet e-flex e-con-boxed wpr-particle-no wpr-jarallax-no wpr-parallax-no wpr-sticky-section-no e-con e-parent\" data-id=\"fe078d0\" data-element_type=\"container\" data-e-type=\"container\">\n\t\t\t\t\t<div class=\"e-con-inner\">\n\t\t\t\t<div class=\"elementor-element elementor-element-5e2670c elementor-widget elementor-widget-slider_revolution\" data-id=\"5e2670c\" data-element_type=\"widget\" data-e-type=\"widget\" data-widget_type=\"slider_revolution.default\">\n\t\t\t\t<div class=\"elementor-widget-container\">\n\t\t\t\t\t\n\t\t<div class=\"wp-block-themepunch-revslider\">\n\t\t\t\t<p class=\"rs-p-wp-fix\"><\/p>\n\t\t\t\t<sr7-module data-alias=\"news-mobile\" data-id=\"19\" id=\"SR7_19_2\" class=\"rs-ov-hidden\" data-version=\"6.7.40\">\n\t\t\t\t\t<sr7-adjuster><\/sr7-adjuster>\n\t\t\t\t\t<sr7-content>\n\t\t\t\t\t\t<sr7-slide id=\"SR7_19_2-38\" data-key=\"38\">\n\t\t\t\t\t\t\t<sr7-bg id=\"SR7_19_2-38-1\" class=\"sr7-layer\"><noscript><img decoding=\"async\" src=\"https:\/\/favretto.it\/wp-content\/uploads\/2024\/09\/News.webp\" alt=\"\" title=\"News\"><\/noscript><\/sr7-bg>\n\t\t\t\t\t\t\t<sr7-txt id=\"SR7_19_2-38-0\" class=\"sr7-layer\">News<\/sr7-txt>\n\t\t\t\t\t\t<\/sr7-slide>\n\t\t\t\t\t\t<sr7-slide id=\"SR7_19_2-43\" data-key=\"43\">\n\t\t\t\t\t\t<\/sr7-slide>\n\t\t\t\t\t<\/sr7-content>\n\t\t\t\t\t<image_lists style=\"display:none\">\n\t\t\t\t\t\t<img data-src=\"\/\/favretto.it\/wp-content\/uploads\/2024\/09\/News.webp\" data-libid=\"10160\" data-lib=\"medialibrary\" title=\"News\" width=\"0\" height=\"0\" data-dbsrc=\"Ly9mYXZyZXR0by5pdC93cC1jb250ZW50L3VwbG9hZHMvMjAyNC8wOS9OZXdzLndlYnA=\"\/>\n\t\t\t\t\t<\/image_lists>\n\t\t\t\t<\/sr7-module>\n\t\t\t\t<script>\n\t\t\t\t\tSR7.PMH ??={}; SR7.PMH[\"SR7_19_2\"] = {cn:100,state:false,fn: function() { if (_tpt!==undefined && _tpt.prepareModuleHeight !== undefined) {  _tpt.prepareModuleHeight({id:\"SR7_19_2\",el:[900,900,900,900,250],type:'standard',shdw:'0',gh:[900,900,900,900,250],gw:[1240,1240,1240,1240,480],vpt:['-100px&#039;,&#039;-100px&#039;,&#039;-100px&#039;,&#039;-100px&#039;,&#039;-100px'],size:{fullWidth:true, fullHeight:false},mh:'0',onh:0,onw:0,bg:{color:'{\"orig\":\"transparent\",\"type\":\"solid\",\"string\":\"transparent\"}'}});   SR7.PMH[\"SR7_19_2\"].state=true;} else if(SR7.PMH[\"SR7_19_2\"].cn-->0)\tsetTimeout( SR7.PMH[\"SR7_19_2\"].fn,19);}};SR7.PMH[\"SR7_19_2\" ].fn();\n\t\t\t\t<\/script>\n<\/div>\n\n\t\t\t\t\t\t<\/div>\n\t\t\t\t<\/div>\n\t\t\t\t\t<\/div>\n\t\t\t\t<\/div>\n\t\t<div class=\"elementor-element elementor-element-e3b2170 elementor-hidden-desktop elementor-hidden-mobile e-flex e-con-boxed wpr-particle-no wpr-jarallax-no wpr-parallax-no wpr-sticky-section-no e-con e-parent\" data-id=\"e3b2170\" data-element_type=\"container\" data-e-type=\"container\" data-settings=\"{&quot;background_background&quot;:&quot;classic&quot;}\">\n\t\t\t\t\t<div class=\"e-con-inner\">\n\t\t\t\t<div class=\"elementor-element elementor-element-65d0f591 elementor-widget elementor-widget-text-editor\" data-id=\"65d0f591\" data-element_type=\"widget\" data-e-type=\"widget\" data-widget_type=\"text-editor.default\">\n\t\t\t\t<div class=\"elementor-widget-container\">\n\t\t\t\t\t\t\t\t\t<h2 style=\"color: #fff !important;\">News<\/h2>\n\t\t\t\t\t\t\t\t<\/div>\n\t\t\t\t<\/div>\n\t\t\t\t\t<\/div>\n\t\t\t\t<\/div>\n\t\t<div class=\"elementor-element elementor-element-5c777e10 e-flex e-con-boxed wpr-particle-no wpr-jarallax-no wpr-parallax-no wpr-sticky-section-no e-con e-parent\" data-id=\"5c777e10\" data-element_type=\"container\" data-e-type=\"container\">\n\t\t\t\t\t<div class=\"e-con-inner\">\n\t\t\t\t<div class=\"elementor-element elementor-element-338cd7a6 elementor-hidden-desktop elementor-hidden-tablet elementor-hidden-mobile elementor-widget elementor-widget-text-editor\" data-id=\"338cd7a6\" data-element_type=\"widget\" data-e-type=\"widget\" data-widget_type=\"text-editor.default\">\n\t\t\t\t<div class=\"elementor-widget-container\">\n\t\t\t\t\t\t\t\t\t<h1>News &#8211; Favretto &#8211; Grindtech<\/h1>\t\t\t\t\t\t\t\t<\/div>\n\t\t\t\t<\/div>\n\t\t\t\t\t<\/div>\n\t\t\t\t<\/div>\n\t\t<div class=\"elementor-element elementor-element-6de4f47 e-flex e-con-boxed wpr-particle-no wpr-jarallax-no wpr-parallax-no wpr-sticky-section-no e-con e-parent\" data-id=\"6de4f47\" data-element_type=\"container\" data-e-type=\"container\">\n\t\t\t\t\t<div class=\"e-con-inner\">\n\t\t\t\t<div class=\"elementor-element elementor-element-ffb36a6 elementor-widget elementor-widget-html\" data-id=\"ffb36a6\" data-element_type=\"widget\" data-e-type=\"widget\" data-widget_type=\"html.default\">\n\t\t\t\t<div class=\"elementor-widget-container\">\n\t\t\t\t\t<style>@media only screen and (min-width: 1200px) {\n.wpr-grid-item\n{width:390px!important}\n.wpr-grid-item-inner\n{width:390px !important}\n}\n<\/style>\n\t\t\t\t<\/div>\n\t\t\t\t<\/div>\n\t\t\t\t\t<\/div>\n\t\t\t\t<\/div>\n\t\t<div class=\"elementor-element elementor-element-c49adc0 e-flex e-con-boxed wpr-particle-no wpr-jarallax-no wpr-parallax-no wpr-sticky-section-no e-con e-parent\" data-id=\"c49adc0\" data-element_type=\"container\" data-e-type=\"container\">\n\t\t\t\t\t<div class=\"e-con-inner\">\n\t\t\t\t<div class=\"elementor-element elementor-element-a0eb2ed wpr-grid-columns-3 wpr-grid-columns--tablet2 wpr-grid-columns--mobile1 wpr-item-styles-inner elementor-widget elementor-widget-wpr-grid\" data-id=\"a0eb2ed\" data-element_type=\"widget\" data-e-type=\"widget\" data-widget_type=\"wpr-grid.default\">\n\t\t\t\t<div class=\"elementor-widget-container\">\n\t\t\t\t\t<ul class=\"wpr-grid-filters elementor-clearfix wpr-grid-filters-sep-right\"><li class=\" wpr-pointer-none wpr-pointer-line-fx wpr-pointer-fx-none\"><span  data-filter=\"*\" class=\"wpr-grid-filters-item wpr-active-filter \">All Posts<\/span><em class=\"wpr-grid-filters-sep\"><\/em><\/li><li class=\" wpr-pointer-none wpr-pointer-line-fx wpr-pointer-fx-none\"><span   data-ajax-filter=[\"category\",\"news\"]  data-filter=\".category-news\">NEWS<\/span><em class=\"wpr-grid-filters-sep\"><\/em><\/li><\/ul><section class=\"wpr-grid elementor-clearfix\" data-settings=\"{&quot;layout&quot;:&quot;fitRows&quot;,&quot;stick_last_element_to_bottom&quot;:&quot;&quot;,&quot;columns_desktop&quot;:3,&quot;gutter_hr&quot;:15,&quot;gutter_hr_mobile&quot;:15,&quot;gutter_hr_mobile_extra&quot;:15,&quot;gutter_hr_tablet&quot;:15,&quot;gutter_hr_tablet_extra&quot;:15,&quot;gutter_hr_laptop&quot;:15,&quot;gutter_hr_widescreen&quot;:15,&quot;gutter_vr&quot;:30,&quot;gutter_vr_mobile&quot;:30,&quot;gutter_vr_mobile_extra&quot;:30,&quot;gutter_vr_tablet&quot;:30,&quot;gutter_vr_tablet_extra&quot;:30,&quot;gutter_vr_laptop&quot;:30,&quot;gutter_vr_widescreen&quot;:30,&quot;animation&quot;:&quot;default&quot;,&quot;animation_duration&quot;:0.3,&quot;animation_delay&quot;:0.1,&quot;deeplinking&quot;:&quot;&quot;,&quot;filters_linkable&quot;:&quot;no&quot;,&quot;filters_default_filter&quot;:&quot;&quot;,&quot;filters_count&quot;:&quot;&quot;,&quot;filters_hide_empty&quot;:&quot;no&quot;,&quot;filters_animation&quot;:&quot;default&quot;,&quot;filters_animation_duration&quot;:0.3,&quot;filters_animation_delay&quot;:0.1,&quot;pagination_type&quot;:&quot;load-more&quot;,&quot;pagination_max_pages&quot;:1,&quot;lightbox&quot;:{&quot;selector&quot;:&quot;.wpr-grid-image-wrap&quot;,&quot;iframeMaxWidth&quot;:&quot;60%&quot;,&quot;hash&quot;:false,&quot;autoplay&quot;:&quot;true&quot;,&quot;pause&quot;:5000,&quot;progressBar&quot;:&quot;true&quot;,&quot;counter&quot;:&quot;true&quot;,&quot;controls&quot;:&quot;true&quot;,&quot;getCaptionFromTitleOrAlt&quot;:&quot;true&quot;,&quot;thumbnail&quot;:&quot;&quot;,&quot;showThumbByDefault&quot;:&quot;&quot;,&quot;share&quot;:&quot;&quot;,&quot;zoom&quot;:&quot;true&quot;,&quot;fullScreen&quot;:&quot;true&quot;,&quot;download&quot;:&quot;true&quot;}}\" data-advanced-filters=\"no\"><article class=\"wpr-grid-item elementor-clearfix post-15801 post type-post status-publish format-standard has-post-thumbnail hentry category-news-en-2\"><div class=\"wpr-grid-item-inner\"><div class=\"wpr-grid-media-wrap wpr-effect-size-medium \" data-overlay-link=\"yes\"><div class=\"wpr-grid-image-wrap\" data-src=\"https:\/\/favretto.it\/wp-content\/uploads\/2026\/04\/GrindingHub.png\" data-img-on-hover=\"\"  data-src-secondary=\"\"><img decoding=\"async\" data-no-lazy=\"1\" src=\"https:\/\/favretto.it\/wp-content\/uploads\/2026\/04\/GrindingHub.png\" alt=\"We are at GrindingHub 2026, Hall 9, Booth B51\" class=\"wpr-anim-timing-ease-default\"><\/div><div class=\"wpr-grid-media-hover wpr-animation-wrap\"><div class=\"wpr-grid-media-hover-bg  wpr-overlay-fade-in wpr-anim-size-large wpr-anim-timing-ease-default wpr-anim-transparency\" data-url=\"https:\/\/favretto.it\/en\/we-are-at-emo-hannover-2025-hall-11-booth-e64-3\/\"><\/div><\/div><\/div><div class=\"wpr-grid-item-below-content elementor-clearfix\"><h2 class=\"wpr-grid-item-title elementor-repeater-item-09c003f wpr-grid-item-display-block wpr-grid-item-align-left wpr-pointer-none wpr-pointer-line-fx wpr-pointer-fx-fade\"><div class=\"inner-block\"><a target=\"_self\"  href=\"https:\/\/favretto.it\/en\/we-are-at-emo-hannover-2025-hall-11-booth-e64-3\/\">We are at GrindingHub 2026, Hall 9, Booth B51<\/a><\/div><\/h2><div class=\"wpr-grid-item-excerpt elementor-repeater-item-58e6c06 wpr-grid-item-display-block wpr-grid-item-align-left\"><div class=\"inner-block\"><p>From May 5 to 8, we will be exhibiting at GrindingHub in Stuttgart, one of the leading international events for...<\/p><\/div><\/div><div class=\"wpr-grid-item-read-more elementor-repeater-item-8e729e5 wpr-grid-item-display-block wpr-grid-item-align-left\"><div class=\"inner-block\"><a target=\"_self\" href=\"https:\/\/favretto.it\/en\/we-are-at-emo-hannover-2025-hall-11-booth-e64-3\/\" class=\"wpr-button-effect wpr-button-none\"><span>\u2192 FIND OUT MORE<\/span><\/a><\/div><\/div><\/div><\/div><\/article><article class=\"wpr-grid-item elementor-clearfix post-11978 post type-post status-publish format-standard has-post-thumbnail hentry category-news-en-2\"><div class=\"wpr-grid-item-inner\"><div class=\"wpr-grid-media-wrap wpr-effect-size-medium \" data-overlay-link=\"yes\"><div class=\"wpr-grid-image-wrap\" data-src=\"https:\/\/favretto.it\/wp-content\/uploads\/2025\/04\/Img_articolo.jpg\" data-img-on-hover=\"\"  data-src-secondary=\"\"><img decoding=\"async\" data-no-lazy=\"1\" src=\"https:\/\/favretto.it\/wp-content\/uploads\/2025\/04\/Img_articolo.jpg\" alt=\"Our network expands to the North American continent\" class=\"wpr-anim-timing-ease-default\"><\/div><div class=\"wpr-grid-media-hover wpr-animation-wrap\"><div class=\"wpr-grid-media-hover-bg  wpr-overlay-fade-in wpr-anim-size-large wpr-anim-timing-ease-default wpr-anim-transparency\" data-url=\"https:\/\/favretto.it\/en\/our-network-expands-to-the-north-american-continent\/\"><\/div><\/div><\/div><div class=\"wpr-grid-item-below-content elementor-clearfix\"><h2 class=\"wpr-grid-item-title elementor-repeater-item-09c003f wpr-grid-item-display-block wpr-grid-item-align-left wpr-pointer-none wpr-pointer-line-fx wpr-pointer-fx-fade\"><div class=\"inner-block\"><a target=\"_self\"  href=\"https:\/\/favretto.it\/en\/our-network-expands-to-the-north-american-continent\/\">Our network expands to the North American continent<\/a><\/div><\/h2><div class=\"wpr-grid-item-excerpt elementor-repeater-item-58e6c06 wpr-grid-item-display-block wpr-grid-item-align-left\"><div class=\"inner-block\"><p>We are pleased to announce our partnership with DiPaolo Machine Tools Ltd., a machine tool sales and service<\/p><\/div><\/div><div class=\"wpr-grid-item-read-more elementor-repeater-item-8e729e5 wpr-grid-item-display-block wpr-grid-item-align-left\"><div class=\"inner-block\"><a target=\"_self\" href=\"https:\/\/favretto.it\/en\/our-network-expands-to-the-north-american-continent\/\" class=\"wpr-button-effect wpr-button-none\"><span>\u2192 FIND OUT MORE<\/span><\/a><\/div><\/div><\/div><\/div><\/article><article class=\"wpr-grid-item elementor-clearfix post-11893 post type-post status-publish format-standard has-post-thumbnail hentry category-news-en-2\"><div class=\"wpr-grid-item-inner\"><div class=\"wpr-grid-media-wrap wpr-effect-size-medium \" data-overlay-link=\"yes\"><div class=\"wpr-grid-image-wrap\" data-src=\"https:\/\/favretto.it\/wp-content\/uploads\/2025\/03\/Img_articolo_ENG.png\" data-img-on-hover=\"\"  data-src-secondary=\"\"><img decoding=\"async\" data-no-lazy=\"1\" src=\"https:\/\/favretto.it\/wp-content\/uploads\/2025\/03\/Img_articolo_ENG.png\" alt=\"Supporting the future of new generations by remembering the teachings of Ermando Rosa\" class=\"wpr-anim-timing-ease-default\"><\/div><div class=\"wpr-grid-media-hover wpr-animation-wrap\"><div class=\"wpr-grid-media-hover-bg  wpr-overlay-fade-in wpr-anim-size-large wpr-anim-timing-ease-default wpr-anim-transparency\" data-url=\"https:\/\/favretto.it\/en\/supporting-the-future-of-new-generations-by-remembering-the-teachings-of-ermando-rosa\/\"><\/div><\/div><\/div><div class=\"wpr-grid-item-below-content elementor-clearfix\"><h2 class=\"wpr-grid-item-title elementor-repeater-item-09c003f wpr-grid-item-display-block wpr-grid-item-align-left wpr-pointer-none wpr-pointer-line-fx wpr-pointer-fx-fade\"><div class=\"inner-block\"><a target=\"_self\"  href=\"https:\/\/favretto.it\/en\/supporting-the-future-of-new-generations-by-remembering-the-teachings-of-ermando-rosa\/\">Supporting the future of new generations by remembering the teachings of Ermando Rosa<\/a><\/div><\/h2><div class=\"wpr-grid-item-excerpt elementor-repeater-item-58e6c06 wpr-grid-item-display-block wpr-grid-item-align-left\"><div class=\"inner-block\"><p>Rosa Ermando is a company that has people and stories of growth and commitment.<\/p><\/div><\/div><div class=\"wpr-grid-item-read-more elementor-repeater-item-8e729e5 wpr-grid-item-display-block wpr-grid-item-align-left\"><div class=\"inner-block\"><a target=\"_self\" href=\"https:\/\/favretto.it\/en\/supporting-the-future-of-new-generations-by-remembering-the-teachings-of-ermando-rosa\/\" class=\"wpr-button-effect wpr-button-none\"><span>\u2192 FIND OUT MORE<\/span><\/a><\/div><\/div><\/div><\/div><\/article><article class=\"wpr-grid-item elementor-clearfix post-11684 post type-post status-publish format-standard has-post-thumbnail hentry category-news-en-2\"><div class=\"wpr-grid-item-inner\"><div class=\"wpr-grid-media-wrap wpr-effect-size-medium \" data-overlay-link=\"yes\"><div class=\"wpr-grid-image-wrap\" data-src=\"https:\/\/favretto.it\/wp-content\/uploads\/2024\/10\/Articolo_60-ANNI-1.png\" data-img-on-hover=\"\"  data-src-secondary=\"\"><img decoding=\"async\" data-no-lazy=\"1\" src=\"https:\/\/favretto.it\/wp-content\/uploads\/2024\/10\/Articolo_60-ANNI-1.png\" alt=\"Rosa turns 60\" class=\"wpr-anim-timing-ease-default\"><\/div><div class=\"wpr-grid-media-hover wpr-animation-wrap\"><div class=\"wpr-grid-media-hover-bg  wpr-overlay-fade-in wpr-anim-size-large wpr-anim-timing-ease-default wpr-anim-transparency\" data-url=\"https:\/\/favretto.it\/en\/rosa-turns-60\/\"><\/div><\/div><\/div><div class=\"wpr-grid-item-below-content elementor-clearfix\"><h2 class=\"wpr-grid-item-title elementor-repeater-item-09c003f wpr-grid-item-display-block wpr-grid-item-align-left wpr-pointer-none wpr-pointer-line-fx wpr-pointer-fx-fade\"><div class=\"inner-block\"><a target=\"_self\"  href=\"https:\/\/favretto.it\/en\/rosa-turns-60\/\">Rosa turns 60<\/a><\/div><\/h2><div class=\"wpr-grid-item-excerpt elementor-repeater-item-58e6c06 wpr-grid-item-display-block wpr-grid-item-align-left\"><div class=\"inner-block\"><p>This year, we proudly celebrate our company&#039;s 60th anniversary, a milestone that reflects six decades of innovation, dedication...<\/p><\/div><\/div><div class=\"wpr-grid-item-read-more elementor-repeater-item-8e729e5 wpr-grid-item-display-block wpr-grid-item-align-left\"><div class=\"inner-block\"><a target=\"_self\" href=\"https:\/\/favretto.it\/en\/rosa-turns-60\/\" class=\"wpr-button-effect wpr-button-none\"><span>\u2192 FIND OUT MORE<\/span><\/a><\/div><\/div><\/div><\/div><\/article><\/section>\t\t\t\t<\/div>\n\t\t\t\t<\/div>\n\t\t\t\t\t<\/div>\n\t\t\t\t<\/div>\n\t\t\t\t<\/div>\n\t\t","protected":false},"excerpt":{"rendered":"<p>News News &#8211; Favretto &#8211; Grindtech All Posts NEWS Wir sind auf der EMO Hannover 2025 \u2013 Halle 11, Stand E64 vertreten Heute reichen Qualit\u00e4t und Zuverl\u00e4ssigkeit allein nicht mehr aus. In einem globalen, stark umk\u00e4mpften Markt liegt der wahre Vorteil jenseits&#8230; \u2192 FIND OUT MORE David Conti nach 25 Jahren auf dem europ\u00e4ischen Podium: jetzt Weltmeister, mit Rosa GrindTech und Favretto GrindTech an seiner Seite Nach 25 Jahren Wettkampfpause ist Devid Conti zur\u00fcck auf dem Wasser, angetrieben von einer unsterblichen Leidenschaft und der St\u00e4rke eines&#8230; \u2192 FIND OUT MORE Ein gro\u00dfes Comeback: Rosa und Favretto sponsern Devid Conti, Weltklasse-Wasserskifahrer im Speedbereich Wir freuen uns sehr, unsere Sponsoring-Partnerschaft mit Devid Conti bekannt zu geben \u2013 einem international erfolgreichen Athleten im Bereich des&#8230; \u2192 FIND OUT MORE Unser Netzwerk expandiert nach Nordamerika Wir freuen uns, unsere Zusammenarbeit mit DiPaolo Machine Tools Ltd. bekannt zu geben, einem f\u00fchrenden Unternehmen f\u00fcr Vertrieb und Service \u2192 FIND OUT MORE Die Zukunft der neuen Generationen f\u00f6rdern \u2013 im Gedenken an die Lehren von Ermando Rosa Rosa Ermando ist ein Unternehmen, das aus Menschen, Geschichten von Wachstum und Engagement besteht. \u2192 FIND OUT MORE Profitieren Sie von den F\u00f6rderungen des Plans \u201eTransizione 5.0\u201c mit einer kostenlosen Voranalyse! Der Plan &quot;Transizione 5.0&quot; bietet eine einmalige Chance, eine Steuerverg\u00fcnstigung f\u00fcr Investitionen in effiziente Technologien zu erhalten. \u2192 FIND OUT MORE Wir sind auf der Innoteq in Bern vertreten \u2013 wichtige Plattform f\u00fcr Innovation und Networking in der Branche Wir freuen uns, unsere Teilnahme an der INNOTEQ bekannt zu geben, der f\u00fchrenden Messe f\u00fcr die Schweizer Fertigungsindustrie. \u2192 FIND OUT MORE Wir sind auf der MECSPE 2025 in Bologna, Halle 14 Stand D26 vertreten Wir freuen uns, unsere Teilnahme an der MECSPE 2025 best\u00e4tigen zu k\u00f6nnen, die vom 5. bis 7. M\u00e4rz 2025 in&#8230; \u2192 FIND OUT MORE Die Firma Rosa wird 60 Jahre alt In diesem Jahr feiern wir stolz das 60-j\u00e4hrige Jubil\u00e4um unseres Unternehmens, ein Meilenstein, der sechs Jahrzehnte Innovation&#8230; \u2192 FIND OUT MORE BIMU Wir freuen uns, das Projekt Grindtech ank\u00fcndigen zu k\u00f6nnen. Mit seinen Marken Rosa und Favretto wird es auf der BIMU&#8230; \u2192 FIND OUT MORE Industrie 5.0: Eine neue Chance, die wir gemeinsam nutzen k\u00f6nnen Nach unserem Engagement bei der Entwicklung von L\u00f6sungen f\u00fcr Industrie 4.0 ist unser Unternehmen bereit, mit den Kunden zusammenzuarbeiten, um&#8230; \u2192 FIND OUT MORE<\/p>\n","protected":false},"author":1,"featured_media":0,"parent":0,"menu_order":0,"comment_status":"closed","ping_status":"closed","template":"","meta":{"inline_featured_image":false,"footnotes":""},"class_list":["post-9244","page","type-page","status-publish","hentry"],"aioseo_notices":[],"_links":{"self":[{"href":"https:\/\/favretto.it\/en\/wp-json\/wp\/v2\/pages\/9244","targetHints":{"allow":["GET"]}}],"collection":[{"href":"https:\/\/favretto.it\/en\/wp-json\/wp\/v2\/pages"}],"about":[{"href":"https:\/\/favretto.it\/en\/wp-json\/wp\/v2\/types\/page"}],"author":[{"embeddable":true,"href":"https:\/\/favretto.it\/en\/wp-json\/wp\/v2\/users\/1"}],"replies":[{"embeddable":true,"href":"https:\/\/favretto.it\/en\/wp-json\/wp\/v2\/comments?post=9244"}],"version-history":[{"count":3,"href":"https:\/\/favretto.it\/en\/wp-json\/wp\/v2\/pages\/9244\/revisions"}],"predecessor-version":[{"id":15469,"href":"https:\/\/favretto.it\/en\/wp-json\/wp\/v2\/pages\/9244\/revisions\/15469"}],"wp:attachment":[{"href":"https:\/\/favretto.it\/en\/wp-json\/wp\/v2\/media?parent=9244"}],"curies":[{"name":"wp","href":"https:\/\/api.w.org\/{rel}","templated":true}]}}