{"id":10930,"date":"2024-09-26T10:31:00","date_gmt":"2024-09-26T10:31:00","guid":{"rendered":"https:\/\/favretto.it\/?page_id=10930"},"modified":"2025-07-29T14:50:36","modified_gmt":"2025-07-29T14:50:36","slug":"news-2","status":"publish","type":"page","link":"https:\/\/favretto.it\/en\/news-2\/","title":{"rendered":"News"},"content":{"rendered":"\t\t<div data-elementor-type=\"wp-page\" data-elementor-id=\"10930\" class=\"elementor elementor-10930 elementor-10929\">\n\t\t\t\t<div class=\"elementor-element elementor-element-dbd8fa9 elementor-hidden-tablet elementor-hidden-mobile e-flex e-con-boxed wpr-particle-no wpr-jarallax-no wpr-parallax-no wpr-sticky-section-no wpr-equal-height-no e-con e-parent\" data-id=\"dbd8fa9\" data-element_type=\"container\" data-e-type=\"container\">\n\t\t\t\t\t<div class=\"e-con-inner\">\n\t\t\t\t<div class=\"elementor-element elementor-element-4aeb18c elementor-widget elementor-widget-slider_revolution\" data-id=\"4aeb18c\" data-element_type=\"widget\" data-e-type=\"widget\" data-widget_type=\"slider_revolution.default\">\n\t\t\t\t<div class=\"elementor-widget-container\">\n\t\t\t\t\t\n\t\t<div class=\"wp-block-themepunch-revslider\">\n\t\t\t\t<p class=\"rs-p-wp-fix\"><\/p>\n\t\t\t\t<sr7-module data-alias=\"azienda-slider-1\" data-id=\"5\" id=\"SR7_5_1\" class=\"rs-ov-hidden\" data-version=\"6.7.40\">\n\t\t\t\t\t<sr7-adjuster><\/sr7-adjuster>\n\t\t\t\t\t<sr7-content>\n\t\t\t\t\t\t<sr7-slide id=\"SR7_5_1-13\" data-key=\"13\">\n\t\t\t\t\t\t\t<sr7-bg id=\"SR7_5_1-13-1\" class=\"sr7-layer\"><noscript><img decoding=\"async\" src=\"https:\/\/favretto.it\/wp-content\/uploads\/2024\/09\/cover-news.webp\" alt=\"\" title=\"cover-news\"><\/noscript><\/sr7-bg>\n\t\t\t\t\t\t\t<sr7-txt id=\"SR7_5_1-13-0\" class=\"sr7-layer\">News<\/sr7-txt>\n\t\t\t\t\t\t<\/sr7-slide>\n\t\t\t\t\t\t<sr7-slide id=\"SR7_5_1-14\" data-key=\"14\">\n\t\t\t\t\t\t<\/sr7-slide>\n\t\t\t\t\t<\/sr7-content>\n\t\t\t\t\t<image_lists style=\"display:none\">\n\t\t\t\t\t\t<img data-src=\"\/\/favretto.it\/wp-content\/uploads\/2024\/09\/cover-news.webp\" data-libid=\"10184\" data-lib=\"medialibrary\" title=\"cover-news\" width=\"0\" height=\"0\" data-dbsrc=\"Ly9mYXZyZXR0by5pdC93cC1jb250ZW50L3VwbG9hZHMvMjAyNC8wOS9jb3Zlci1uZXdzLndlYnA=\"\/>\n\t\t\t\t\t<\/image_lists>\n\t\t\t\t<\/sr7-module>\n\t\t\t\t<script>\n\t\t\t\t\tSR7.PMH ??={}; SR7.PMH[\"SR7_5_1\"] = {cn:100,state:false,fn: function() { if (_tpt!==undefined && _tpt.prepareModuleHeight !== undefined) {  _tpt.prepareModuleHeight({id:\"SR7_5_1\",el:[400,400,768,960,720],type:'standard',shdw:'0',gh:[400,400,330,251,155],gw:[1240,1240,1024,778,480],vpt:['-100px'],size:{fullWidth:true, fullHeight:false},mh:'0',onh:0,onw:0,bg:{color:'{\"orig\":\"transparent\",\"type\":\"solid\",\"string\":\"transparent\"}'}});   SR7.PMH[\"SR7_5_1\"].state=true;} else if(SR7.PMH[\"SR7_5_1\"].cn-->0)\tsetTimeout( SR7.PMH[\"SR7_5_1\"].fn,19);}};SR7.PMH[\"SR7_5_1\" ].fn();\n\t\t\t\t<\/script>\n<\/div>\n\n\t\t\t\t\t\t<\/div>\n\t\t\t\t<\/div>\n\t\t\t\t\t<\/div>\n\t\t\t\t<\/div>\n\t\t<div class=\"elementor-element elementor-element-fe078d0 elementor-hidden-desktop elementor-hidden-tablet e-flex e-con-boxed wpr-particle-no wpr-jarallax-no wpr-parallax-no wpr-sticky-section-no wpr-equal-height-no e-con e-parent\" data-id=\"fe078d0\" data-element_type=\"container\" data-e-type=\"container\">\n\t\t\t\t\t<div class=\"e-con-inner\">\n\t\t\t\t<div class=\"elementor-element elementor-element-5e2670c elementor-widget elementor-widget-slider_revolution\" data-id=\"5e2670c\" data-element_type=\"widget\" data-e-type=\"widget\" data-widget_type=\"slider_revolution.default\">\n\t\t\t\t<div class=\"elementor-widget-container\">\n\t\t\t\t\t\n\t\t<div class=\"wp-block-themepunch-revslider\">\n\t\t\t\t<p class=\"rs-p-wp-fix\"><\/p>\n\t\t\t\t<sr7-module data-alias=\"news-mobile\" data-id=\"19\" id=\"SR7_19_2\" class=\"rs-ov-hidden\" data-version=\"6.7.40\">\n\t\t\t\t\t<sr7-adjuster><\/sr7-adjuster>\n\t\t\t\t\t<sr7-content>\n\t\t\t\t\t\t<sr7-slide id=\"SR7_19_2-38\" data-key=\"38\">\n\t\t\t\t\t\t\t<sr7-bg id=\"SR7_19_2-38-1\" class=\"sr7-layer\"><noscript><img decoding=\"async\" src=\"https:\/\/favretto.it\/wp-content\/uploads\/2024\/09\/News.webp\" alt=\"\" title=\"News\"><\/noscript><\/sr7-bg>\n\t\t\t\t\t\t\t<sr7-txt id=\"SR7_19_2-38-0\" class=\"sr7-layer\">News<\/sr7-txt>\n\t\t\t\t\t\t<\/sr7-slide>\n\t\t\t\t\t\t<sr7-slide id=\"SR7_19_2-43\" data-key=\"43\">\n\t\t\t\t\t\t<\/sr7-slide>\n\t\t\t\t\t<\/sr7-content>\n\t\t\t\t\t<image_lists style=\"display:none\">\n\t\t\t\t\t\t<img data-src=\"\/\/favretto.it\/wp-content\/uploads\/2024\/09\/News.webp\" data-libid=\"10160\" data-lib=\"medialibrary\" title=\"News\" width=\"0\" height=\"0\" data-dbsrc=\"Ly9mYXZyZXR0by5pdC93cC1jb250ZW50L3VwbG9hZHMvMjAyNC8wOS9OZXdzLndlYnA=\"\/>\n\t\t\t\t\t<\/image_lists>\n\t\t\t\t<\/sr7-module>\n\t\t\t\t<script>\n\t\t\t\t\tSR7.PMH ??={}; SR7.PMH[\"SR7_19_2\"] = {cn:100,state:false,fn: function() { if (_tpt!==undefined && _tpt.prepareModuleHeight !== undefined) {  _tpt.prepareModuleHeight({id:\"SR7_19_2\",el:[900,900,900,900,250],type:'standard',shdw:'0',gh:[900,900,900,900,250],gw:[1240,1240,1240,1240,480],vpt:['-100px&#039;,&#039;-100px&#039;,&#039;-100px&#039;,&#039;-100px&#039;,&#039;-100px'],size:{fullWidth:true, fullHeight:false},mh:'0',onh:0,onw:0,bg:{color:'{\"orig\":\"transparent\",\"type\":\"solid\",\"string\":\"transparent\"}'}});   SR7.PMH[\"SR7_19_2\"].state=true;} else if(SR7.PMH[\"SR7_19_2\"].cn-->0)\tsetTimeout( SR7.PMH[\"SR7_19_2\"].fn,19);}};SR7.PMH[\"SR7_19_2\" ].fn();\n\t\t\t\t<\/script>\n<\/div>\n\n\t\t\t\t\t\t<\/div>\n\t\t\t\t<\/div>\n\t\t\t\t\t<\/div>\n\t\t\t\t<\/div>\n\t\t<div class=\"elementor-element elementor-element-e3b2170 elementor-hidden-desktop elementor-hidden-mobile e-flex e-con-boxed wpr-particle-no wpr-jarallax-no wpr-parallax-no wpr-sticky-section-no wpr-equal-height-no e-con e-parent\" data-id=\"e3b2170\" data-element_type=\"container\" data-e-type=\"container\" data-settings=\"{&quot;background_background&quot;:&quot;classic&quot;}\">\n\t\t\t\t\t<div class=\"e-con-inner\">\n\t\t\t\t<div class=\"elementor-element elementor-element-65d0f591 elementor-widget elementor-widget-text-editor\" data-id=\"65d0f591\" data-element_type=\"widget\" data-e-type=\"widget\" data-widget_type=\"text-editor.default\">\n\t\t\t\t<div class=\"elementor-widget-container\">\n\t\t\t\t\t\t\t\t\t<h2 style=\"color: #fff !important;\">News<\/h2>\t\t\t\t\t\t\t\t<\/div>\n\t\t\t\t<\/div>\n\t\t\t\t\t<\/div>\n\t\t\t\t<\/div>\n\t\t<div class=\"elementor-element elementor-element-5c777e10 e-flex e-con-boxed wpr-particle-no wpr-jarallax-no wpr-parallax-no wpr-sticky-section-no wpr-equal-height-no e-con e-parent\" data-id=\"5c777e10\" data-element_type=\"container\" data-e-type=\"container\">\n\t\t\t\t\t<div class=\"e-con-inner\">\n\t\t\t\t<div class=\"elementor-element elementor-element-338cd7a6 elementor-hidden-desktop elementor-hidden-tablet elementor-hidden-mobile elementor-widget elementor-widget-text-editor\" data-id=\"338cd7a6\" data-element_type=\"widget\" data-e-type=\"widget\" data-widget_type=\"text-editor.default\">\n\t\t\t\t<div class=\"elementor-widget-container\">\n\t\t\t\t\t\t\t\t\t<h1>News &#8211; Rosa s.p.a. &#8211; Grindtech<\/h1>\t\t\t\t\t\t\t\t<\/div>\n\t\t\t\t<\/div>\n\t\t\t\t\t<\/div>\n\t\t\t\t<\/div>\n\t\t<div class=\"elementor-element elementor-element-c49adc0 e-flex e-con-boxed wpr-particle-no wpr-jarallax-no wpr-parallax-no wpr-sticky-section-no wpr-equal-height-no e-con e-parent\" data-id=\"c49adc0\" data-element_type=\"container\" data-e-type=\"container\">\n\t\t\t\t\t<div class=\"e-con-inner\">\n\t\t\t\t<div class=\"elementor-element elementor-element-a0eb2ed wpr-grid-columns-3 wpr-grid-columns--tablet2 wpr-grid-columns--mobile1 wpr-grid-pagination-center wpr-item-styles-inner elementor-widget elementor-widget-wpr-grid\" data-id=\"a0eb2ed\" data-element_type=\"widget\" data-e-type=\"widget\" data-widget_type=\"wpr-grid.default\">\n\t\t\t\t<div class=\"elementor-widget-container\">\n\t\t\t\t\t<ul class=\"wpr-grid-filters elementor-clearfix wpr-grid-filters-sep-right\"><li class=\" wpr-pointer-none wpr-pointer-line-fx wpr-pointer-fx-none\"><span  data-filter=\"*\" class=\"wpr-grid-filters-item wpr-active-filter \">All Posts<\/span><em class=\"wpr-grid-filters-sep\"><\/em><\/li><li class=\" wpr-pointer-none wpr-pointer-line-fx wpr-pointer-fx-none\"><span   data-ajax-filter=[\"category\",\"news\"]  data-filter=\".category-news\">NEWS<\/span><em class=\"wpr-grid-filters-sep\"><\/em><\/li><\/ul><section class=\"wpr-grid elementor-clearfix\" data-settings=\"{&quot;layout&quot;:&quot;list&quot;,&quot;stick_last_element_to_bottom&quot;:&quot;no&quot;,&quot;columns_desktop&quot;:3,&quot;gutter_hr&quot;:15,&quot;gutter_hr_mobile&quot;:15,&quot;gutter_hr_mobile_extra&quot;:15,&quot;gutter_hr_tablet&quot;:15,&quot;gutter_hr_tablet_extra&quot;:15,&quot;gutter_hr_laptop&quot;:15,&quot;gutter_hr_widescreen&quot;:15,&quot;gutter_vr&quot;:30,&quot;gutter_vr_mobile&quot;:30,&quot;gutter_vr_mobile_extra&quot;:30,&quot;gutter_vr_tablet&quot;:30,&quot;gutter_vr_tablet_extra&quot;:30,&quot;gutter_vr_laptop&quot;:30,&quot;gutter_vr_widescreen&quot;:30,&quot;animation&quot;:&quot;default&quot;,&quot;animation_duration&quot;:0.3,&quot;animation_delay&quot;:0.1,&quot;deeplinking&quot;:&quot;&quot;,&quot;filters_linkable&quot;:&quot;no&quot;,&quot;filters_default_filter&quot;:&quot;&quot;,&quot;filters_count&quot;:&quot;&quot;,&quot;filters_hide_empty&quot;:&quot;no&quot;,&quot;filters_animation&quot;:&quot;default&quot;,&quot;filters_animation_duration&quot;:0.3,&quot;filters_animation_delay&quot;:0.1,&quot;pagination_type&quot;:&quot;load-more&quot;,&quot;pagination_max_pages&quot;:1,&quot;media_align&quot;:&quot;left&quot;,&quot;media_width&quot;:30,&quot;media_distance&quot;:20,&quot;lightbox&quot;:{&quot;selector&quot;:&quot;.wpr-grid-image-wrap&quot;,&quot;iframeMaxWidth&quot;:&quot;60%&quot;,&quot;hash&quot;:false,&quot;autoplay&quot;:&quot;true&quot;,&quot;pause&quot;:5000,&quot;progressBar&quot;:&quot;true&quot;,&quot;counter&quot;:&quot;true&quot;,&quot;controls&quot;:&quot;true&quot;,&quot;getCaptionFromTitleOrAlt&quot;:&quot;true&quot;,&quot;thumbnail&quot;:&quot;&quot;,&quot;showThumbByDefault&quot;:&quot;&quot;,&quot;share&quot;:&quot;&quot;,&quot;zoom&quot;:&quot;true&quot;,&quot;fullScreen&quot;:&quot;true&quot;,&quot;download&quot;:&quot;true&quot;}}\" data-advanced-filters=\"no\"><article class=\"wpr-grid-item elementor-clearfix post-15801 post type-post status-publish format-standard has-post-thumbnail hentry category-news-en-2\"><div class=\"wpr-grid-item-inner\"><div class=\"wpr-grid-media-wrap wpr-effect-size-medium \" data-overlay-link=\"yes\"><div class=\"wpr-grid-image-wrap\" data-src=\"https:\/\/favretto.it\/wp-content\/uploads\/2026\/04\/GrindingHub.png\" data-img-on-hover=\"\"  data-src-secondary=\"\"><img decoding=\"async\" data-no-lazy=\"1\" src=\"https:\/\/favretto.it\/wp-content\/uploads\/2026\/04\/GrindingHub.png\" alt=\"We are at GrindingHub 2026, Hall 9, Booth B51\" class=\"wpr-anim-timing-ease-default\"><\/div><div class=\"wpr-grid-media-hover wpr-animation-wrap\"><div class=\"wpr-grid-media-hover-bg  wpr-overlay-fade-in wpr-anim-size-large wpr-anim-timing-ease-default wpr-anim-transparency\" data-url=\"https:\/\/favretto.it\/en\/we-are-at-emo-hannover-2025-hall-11-booth-e64-3\/\"><\/div><\/div><\/div><div class=\"wpr-grid-item-below-content elementor-clearfix\"><h2 class=\"wpr-grid-item-title elementor-repeater-item-09c003f wpr-grid-item-display-block wpr-grid-item-align-left wpr-pointer-none wpr-pointer-line-fx wpr-pointer-fx-fade\"><div class=\"inner-block\"><a target=\"_self\"  href=\"https:\/\/favretto.it\/en\/we-are-at-emo-hannover-2025-hall-11-booth-e64-3\/\">We are at GrindingHub 2026, Hall 9, Booth B51<\/a><\/div><\/h2><div class=\"wpr-grid-item-excerpt elementor-repeater-item-58e6c06 wpr-grid-item-display-block wpr-grid-item-align-left\"><div class=\"inner-block\"><p>From May 5 to 8, we will be exhibiting at GrindingHub in Stuttgart, one of the leading international events for...<\/p><\/div><\/div><div class=\"wpr-grid-item-read-more elementor-repeater-item-8e729e5 wpr-grid-item-display-block wpr-grid-item-align-left\"><div class=\"inner-block\"><a target=\"_self\" href=\"https:\/\/favretto.it\/en\/we-are-at-emo-hannover-2025-hall-11-booth-e64-3\/\" class=\"wpr-button-effect wpr-button-none\"><span>\u2192 FIND OUT MORE<\/span><\/a><\/div><\/div><\/div><\/div><\/article><article class=\"wpr-grid-item elementor-clearfix post-11978 post type-post status-publish format-standard has-post-thumbnail hentry category-news-en-2\"><div class=\"wpr-grid-item-inner\"><div class=\"wpr-grid-media-wrap wpr-effect-size-medium \" data-overlay-link=\"yes\"><div class=\"wpr-grid-image-wrap\" data-src=\"https:\/\/favretto.it\/wp-content\/uploads\/2025\/04\/Img_articolo.jpg\" data-img-on-hover=\"\"  data-src-secondary=\"\"><img decoding=\"async\" data-no-lazy=\"1\" src=\"https:\/\/favretto.it\/wp-content\/uploads\/2025\/04\/Img_articolo.jpg\" alt=\"Our network expands to the North American continent\" class=\"wpr-anim-timing-ease-default\"><\/div><div class=\"wpr-grid-media-hover wpr-animation-wrap\"><div class=\"wpr-grid-media-hover-bg  wpr-overlay-fade-in wpr-anim-size-large wpr-anim-timing-ease-default wpr-anim-transparency\" data-url=\"https:\/\/favretto.it\/en\/our-network-expands-to-the-north-american-continent\/\"><\/div><\/div><\/div><div class=\"wpr-grid-item-below-content elementor-clearfix\"><h2 class=\"wpr-grid-item-title elementor-repeater-item-09c003f wpr-grid-item-display-block wpr-grid-item-align-left wpr-pointer-none wpr-pointer-line-fx wpr-pointer-fx-fade\"><div class=\"inner-block\"><a target=\"_self\"  href=\"https:\/\/favretto.it\/en\/our-network-expands-to-the-north-american-continent\/\">Our network expands to the North American continent<\/a><\/div><\/h2><div class=\"wpr-grid-item-excerpt elementor-repeater-item-58e6c06 wpr-grid-item-display-block wpr-grid-item-align-left\"><div class=\"inner-block\"><p>We are pleased to announce our partnership with DiPaolo Machine Tools Ltd., a machine tool sales and service<\/p><\/div><\/div><div class=\"wpr-grid-item-read-more elementor-repeater-item-8e729e5 wpr-grid-item-display-block wpr-grid-item-align-left\"><div class=\"inner-block\"><a target=\"_self\" href=\"https:\/\/favretto.it\/en\/our-network-expands-to-the-north-american-continent\/\" class=\"wpr-button-effect wpr-button-none\"><span>\u2192 FIND OUT MORE<\/span><\/a><\/div><\/div><\/div><\/div><\/article><article class=\"wpr-grid-item elementor-clearfix post-11893 post type-post status-publish format-standard has-post-thumbnail hentry category-news-en-2\"><div class=\"wpr-grid-item-inner\"><div class=\"wpr-grid-media-wrap wpr-effect-size-medium \" data-overlay-link=\"yes\"><div class=\"wpr-grid-image-wrap\" data-src=\"https:\/\/favretto.it\/wp-content\/uploads\/2025\/03\/Img_articolo_ENG.png\" data-img-on-hover=\"\"  data-src-secondary=\"\"><img decoding=\"async\" data-no-lazy=\"1\" src=\"https:\/\/favretto.it\/wp-content\/uploads\/2025\/03\/Img_articolo_ENG.png\" alt=\"Supporting the future of new generations by remembering the teachings of Ermando Rosa\" class=\"wpr-anim-timing-ease-default\"><\/div><div class=\"wpr-grid-media-hover wpr-animation-wrap\"><div class=\"wpr-grid-media-hover-bg  wpr-overlay-fade-in wpr-anim-size-large wpr-anim-timing-ease-default wpr-anim-transparency\" data-url=\"https:\/\/favretto.it\/en\/supporting-the-future-of-new-generations-by-remembering-the-teachings-of-ermando-rosa\/\"><\/div><\/div><\/div><div class=\"wpr-grid-item-below-content elementor-clearfix\"><h2 class=\"wpr-grid-item-title elementor-repeater-item-09c003f wpr-grid-item-display-block wpr-grid-item-align-left wpr-pointer-none wpr-pointer-line-fx wpr-pointer-fx-fade\"><div class=\"inner-block\"><a target=\"_self\"  href=\"https:\/\/favretto.it\/en\/supporting-the-future-of-new-generations-by-remembering-the-teachings-of-ermando-rosa\/\">Supporting the future of new generations by remembering the teachings of Ermando Rosa<\/a><\/div><\/h2><div class=\"wpr-grid-item-excerpt elementor-repeater-item-58e6c06 wpr-grid-item-display-block wpr-grid-item-align-left\"><div class=\"inner-block\"><p>Rosa Ermando is a company that has people and stories of growth and commitment.<\/p><\/div><\/div><div class=\"wpr-grid-item-read-more elementor-repeater-item-8e729e5 wpr-grid-item-display-block wpr-grid-item-align-left\"><div class=\"inner-block\"><a target=\"_self\" href=\"https:\/\/favretto.it\/en\/supporting-the-future-of-new-generations-by-remembering-the-teachings-of-ermando-rosa\/\" class=\"wpr-button-effect wpr-button-none\"><span>\u2192 FIND OUT MORE<\/span><\/a><\/div><\/div><\/div><\/div><\/article><article class=\"wpr-grid-item elementor-clearfix post-11684 post type-post status-publish format-standard has-post-thumbnail hentry category-news-en-2\"><div class=\"wpr-grid-item-inner\"><div class=\"wpr-grid-media-wrap wpr-effect-size-medium \" data-overlay-link=\"yes\"><div class=\"wpr-grid-image-wrap\" data-src=\"https:\/\/favretto.it\/wp-content\/uploads\/2024\/10\/Articolo_60-ANNI-1.png\" data-img-on-hover=\"\"  data-src-secondary=\"\"><img decoding=\"async\" data-no-lazy=\"1\" src=\"https:\/\/favretto.it\/wp-content\/uploads\/2024\/10\/Articolo_60-ANNI-1.png\" alt=\"Rosa turns 60\" class=\"wpr-anim-timing-ease-default\"><\/div><div class=\"wpr-grid-media-hover wpr-animation-wrap\"><div class=\"wpr-grid-media-hover-bg  wpr-overlay-fade-in wpr-anim-size-large wpr-anim-timing-ease-default wpr-anim-transparency\" data-url=\"https:\/\/favretto.it\/en\/rosa-turns-60\/\"><\/div><\/div><\/div><div class=\"wpr-grid-item-below-content elementor-clearfix\"><h2 class=\"wpr-grid-item-title elementor-repeater-item-09c003f wpr-grid-item-display-block wpr-grid-item-align-left wpr-pointer-none wpr-pointer-line-fx wpr-pointer-fx-fade\"><div class=\"inner-block\"><a target=\"_self\"  href=\"https:\/\/favretto.it\/en\/rosa-turns-60\/\">Rosa turns 60<\/a><\/div><\/h2><div class=\"wpr-grid-item-excerpt elementor-repeater-item-58e6c06 wpr-grid-item-display-block wpr-grid-item-align-left\"><div class=\"inner-block\"><p>This year, we proudly celebrate our company&#039;s 60th anniversary, a milestone that reflects six decades of innovation, dedication...<\/p><\/div><\/div><div class=\"wpr-grid-item-read-more elementor-repeater-item-8e729e5 wpr-grid-item-display-block wpr-grid-item-align-left\"><div class=\"inner-block\"><a target=\"_self\" href=\"https:\/\/favretto.it\/en\/rosa-turns-60\/\" class=\"wpr-button-effect wpr-button-none\"><span>\u2192 FIND OUT MORE<\/span><\/a><\/div><\/div><\/div><\/div><\/article><\/section>\t\t\t\t<\/div>\n\t\t\t\t<\/div>\n\t\t\t\t\t<\/div>\n\t\t\t\t<\/div>\n\t\t\t\t<\/div>\n\t\t","protected":false},"excerpt":{"rendered":"<p>News News &#8211; Rosa s.p.a. &#8211; Grindtech All Posts NEWS Siamo presenti a EMO Hannover 2025, Padiglione 11, Stand E64 Oggi, qualit\u00e0 e affidabilit\u00e0 non sono pi\u00f9 sufficienti. In un mercato globale altamente competitivo, il vero vantaggio si trova oltre&#8230; \u2192 FIND OUT MORE Un grande ritorno: Rosa e Favretto sponsorizzano Devid Conti, campione di sci nautico di velocit\u00e0 Siamo orgogliosi di annunciare la nostra sponsorizzazione a Devid Conti, atleta di livello internazionale nel mondo dello sci nautico di&#8230; \u2192 FIND OUT MORE Il nostro network si espande nel Nord America Siamo lieti di annunciare la nostra collaborazione con DiPaolo Machine Tools Ltd., leader nella vendita e assistenza \u2192 FIND OUT MORE Sostenere il futuro delle nuove generazioni ricordando l\u2019insegnamento di Ermando Rosa Rosa Ermando \u00e8 un&#039;azienda fatta di persone, di storie di crescita e di impegno. \u2192 FIND OUT MORE Accedi agli incentivi del Piano Transizione 5.0 con una preanalisi gratuita! Il Piano Transizione 5.0 \u00e8 un\u2019opportunit\u00e0 imperdibile per ottenere un credito d\u2019imposta sugli investimenti \u2192 FIND OUT MORE Siamo presenti alla Innoteq di Berna importante piattaforma per l&#8217;innovazione e il networking nel settore Siamo lieti di annunciare la nostra partecipazione a INNOTEQ, la fiera di riferimento per l\u2019industria manifatturiera. \u2192 FIND OUT MORE Siamo presenti a MECSPE 2025 di Bologna, pad.14 D26 Abbiamo il piacere di confermarti la nostra partecipazione a MECSPE 2025, che si terr\u00e0 a Bologna dal 5 al 7&#8230; \u2192 FIND OUT MORE Rosa compie 60 anni Quest\u2019anno, festeggiamo con orgoglio il 60\u00b0 anniversario della nostra azienda, un traguardo che riflette sei decenni di innovazione&#8230; \u2192 FIND OUT MORE BIMU Siamo lieti di annunciare il progetto Grindtech. Con i suoi marchi Rosa e Favretto sar\u00e0 presentato alla BIMU 2024 che&#8230; \u2192 FIND OUT MORE Industria 5.0: una nuova opportunit\u00e0 da cogliere insieme Dopo l\u2019impegno nello sviluppo di soluzioni per l\u2019Industria 4.0, la nostra azienda \u00e8 pronta a collaborare con i clienti per&#8230; \u2192 FIND OUT MORE Riccardo Rosa eletto Presidente UCIMU L\u201911 luglio di quest\u2019anno, l\u2019assemblea dei soci UCIMU-SISTEMI PER PRODURRE, ha eletto Riccardo Rosa, presidente &#8230; \u2192 FIND OUT MORE<\/p>\n","protected":false},"author":4,"featured_media":0,"parent":0,"menu_order":0,"comment_status":"closed","ping_status":"closed","template":"","meta":{"inline_featured_image":false,"footnotes":""},"class_list":["post-10930","page","type-page","status-publish","hentry"],"aioseo_notices":[],"_links":{"self":[{"href":"https:\/\/favretto.it\/en\/wp-json\/wp\/v2\/pages\/10930","targetHints":{"allow":["GET"]}}],"collection":[{"href":"https:\/\/favretto.it\/en\/wp-json\/wp\/v2\/pages"}],"about":[{"href":"https:\/\/favretto.it\/en\/wp-json\/wp\/v2\/types\/page"}],"author":[{"embeddable":true,"href":"https:\/\/favretto.it\/en\/wp-json\/wp\/v2\/users\/4"}],"replies":[{"embeddable":true,"href":"https:\/\/favretto.it\/en\/wp-json\/wp\/v2\/comments?post=10930"}],"version-history":[{"count":0,"href":"https:\/\/favretto.it\/en\/wp-json\/wp\/v2\/pages\/10930\/revisions"}],"wp:attachment":[{"href":"https:\/\/favretto.it\/en\/wp-json\/wp\/v2\/media?parent=10930"}],"curies":[{"name":"wp","href":"https:\/\/api.w.org\/{rel}","templated":true}]}}